{"id":6786,"date":"2022-08-14T07:02:41","date_gmt":"2022-08-14T12:02:41","guid":{"rendered":"https:\/\/cop15.gvq.ca\/comming-soon-activities\/"},"modified":"2022-08-14T07:19:11","modified_gmt":"2022-08-14T12:19:11","slug":"bientot-disponible-activite","status":"publish","type":"page","link":"https:\/\/cop15.gvq.ca\/fr\/bientot-disponible-activite\/","title":{"rendered":"Bient\u00f4t disponible :  activit\u00e9s et forfaits"},"content":{"rendered":"<p>Nos forfaits et nos activit\u00e9s seront bient\u00f4t disponibles.<\/p>\n<p>&nbsp;<\/p>\n<p>&nbsp;<\/p>\n<p>&nbsp;<\/p>\n<p>&nbsp;<\/p>\n<p>&nbsp;<\/p>\n","protected":false},"excerpt":{"rendered":"<p>Nos forfaits et nos activit\u00e9s seront bient\u00f4t disponibles. &nbsp; &nbsp; &nbsp; &nbsp; &nbsp;<\/p>\n","protected":false},"author":1,"featured_media":0,"parent":0,"menu_order":0,"comment_status":"closed","ping_status":"closed","template":"","meta":{"_et_pb_use_builder":"","_et_pb_old_content":"","_et_gb_content_width":"","inline_featured_image":false,"footnotes":""},"class_list":["post-6786","page","type-page","status-publish","hentry"],"acf":[],"_wp_attached_file":null,"_wp_attachment_metadata":null,"_et_gb_content_width":null,"_links":{"self":[{"href":"https:\/\/cop15.gvq.ca\/fr\/wp-json\/wp\/v2\/pages\/6786","targetHints":{"allow":["GET"]}}],"collection":[{"href":"https:\/\/cop15.gvq.ca\/fr\/wp-json\/wp\/v2\/pages"}],"about":[{"href":"https:\/\/cop15.gvq.ca\/fr\/wp-json\/wp\/v2\/types\/page"}],"author":[{"embeddable":true,"href":"https:\/\/cop15.gvq.ca\/fr\/wp-json\/wp\/v2\/users\/1"}],"replies":[{"embeddable":true,"href":"https:\/\/cop15.gvq.ca\/fr\/wp-json\/wp\/v2\/comments?post=6786"}],"version-history":[{"count":2,"href":"https:\/\/cop15.gvq.ca\/fr\/wp-json\/wp\/v2\/pages\/6786\/revisions"}],"predecessor-version":[{"id":6856,"href":"https:\/\/cop15.gvq.ca\/fr\/wp-json\/wp\/v2\/pages\/6786\/revisions\/6856"}],"wp:attachment":[{"href":"https:\/\/cop15.gvq.ca\/fr\/wp-json\/wp\/v2\/media?parent=6786"}],"curies":[{"name":"wp","href":"https:\/\/api.w.org\/{rel}","templated":true}]}}