{"id":7415,"date":"2022-08-03T10:43:03","date_gmt":"2022-08-03T15:43:03","guid":{"rendered":"https:\/\/cop15.gvq.ca\/?page_id=7415"},"modified":"2022-08-14T19:20:03","modified_gmt":"2022-08-15T00:20:03","slug":"confidentialite-et-cookies","status":"publish","type":"page","link":"https:\/\/cop15.gvq.ca\/fr\/confidentialite-et-cookies\/","title":{"rendered":"Confidentialit\u00e9 et cookies"},"content":{"rendered":"<h3>COOKIES<\/h3>\n<p>Pour am\u00e9liorer votre exp\u00e9rience et analyser la quantit\u00e9 des visites sur notre site web, Groupe Voyages Qu\u00e9bec utilise des cookies. Ces petits fichiers qui sont conserv\u00e9s sur votre ordinateur suite \u00e0 une visite sur notre site web, enregistrent des informations vous concernant comme la langue d\u2019affichage ou certaines habitudes de navigation. Ces donn\u00e9es sont entre autres utilis\u00e9es pour activer certaines fonctionnalit\u00e9s ou faciliter votre navigation. Les informations recueillies demeurent confidentielles en tout temps. Si malgr\u00e9 tout vous d\u00e9sirez d\u00e9sactiver ou bloquer les cookies, il est possible de le faire en configurant les param\u00e8tres des cookies sur notre site.<\/p>\n<h3>RENSEIGNEMENTS PERSONNELS<\/h3>\n<p>Groupe Voyages Qu\u00e9bec ne recueille, n\u2019utilise et\/ou ne communique vos renseignements personnels qu\u2019avec votre consentement. Dans certaines situations la collecte d\u2019informations personnelles comme votre nom ou votre courriel pourrait \u00eatre requise, par exemple lors d\u2019une transaction de voyage ou l\u2019abonnement \u00e0 notre infolettre. Soyez assur\u00e9s que vos renseignements personnels demeurent confidentiels et sont prot\u00e9g\u00e9s par des mesures de s\u00e9curit\u00e9 qui r\u00e9pondent aux normes de l\u2019industrie. Sachez qu\u2019aucun renseignement personnel vous concernant n\u2019est partag\u00e9 \u00e0 l\u2019ext\u00e9rieur de l\u2019organisation (partenaires, annonceurs, fournisseurs, etc.) \u00e0 moins qu\u2019au pr\u00e9alable vous nous ayez donn\u00e9 un consentement explicite \u00e0 cet effet. Pour toutes questions ou pr\u00e9occupations au sujet de la protection de vos renseignements personnels, veuillez soumettre votre demande par courriel \u00e0\u202fcop15@gvq.ca<\/p>\n<h3>AVEC QUI PARTAGEONS NOUS VOS INFORMATIONS PERSONNELLES<\/h3>\n<p>Groupe Voyages Qu\u00e9bec ne partagera en aucun moment vos donn\u00e9es personnelles \u00e0 une tierce partie sans votre consentement. Par contre, dans le but de r\u00e9aliser le contrat de service qui pourrait intervenir entre GVQ et vous, nous pourrions \u00eatre oblig\u00e9s de partager certaines informations \u00e0 des fournisseurs de services tel que des h\u00f4tels, des activit\u00e9s, des compagnies de transport, et ce dans le but d\u2019ex\u00e9cuter le-dit contrat.<\/p>\n<h3>DROITS QUAND \u00c0 L\u2019UTILISATION DE VOS DONN\u00c9ES<\/h3>\n<p>En tout temps, il vous est possible de demander de recevoir un fichier d\u2019export contenant toutes les donn\u00e9es personnelles que nous conservons sur vous, incluant toutes les donn\u00e9es que vous nous avez partag\u00e9es. Vous pouvez faire la demande en tout temps de supprimer ces informations personnelles que nous conservons sur vous. Cela n\u2019inclus pas, par contre, les donn\u00e9es que nous sommes oblig\u00e9s de conserver pour des raisons administratives, l\u00e9gales ou en mati\u00e8re de s\u00e9curit\u00e9. Vous pouvez en tout temps faire une demande par courriel \u00e0\u202fcop15@gvq.ca<\/p>\n<h3>DROITS D\u2019AUTEURS<\/h3>\n<p>Tous les textes, les images, les photographies, l\u2019information, les clips audio, et les clips vid\u00e9o disponibles sur les Sites, sont prot\u00e9g\u00e9s par les lois canadiennes et \u00e9trang\u00e8res, notamment en mati\u00e8re de droit d&rsquo;auteur et appartiennent \u00e0 Groupes Voyages Qu\u00e9bec ou \u00e0 ses soci\u00e9t\u00e9s affili\u00e9es ou \u00e0 des tiers lui ayant octroy\u00e9 une licence. Groupes Voyages Qu\u00e9bec vous accorde une licence non-exclusive et non-transf\u00e9rable d\u2019utiliser et d&rsquo;afficher les sites et leur Contenu sur votre ordinateur, t\u00e9l\u00e9phone mobile ou tout autre dispositif \u00e9lectronique uniquement pour utilisation personnelle et non-commerciale, et de reproduction, en un exemplaire, pour fins de sauvegarde ou de copie sur papier, en autant que vous n\u2019en modifiez pas le contenu et que vous conserviez les avis de droit d\u2019auteur. Vous reconnaissez que vous ne d\u00e9tenez aucun droit, titre, int\u00e9r\u00eat ou licence dans les logiciels int\u00e9gr\u00e9s dans les sites ou pouvant \u00eatre t\u00e9l\u00e9charg\u00e9s des sites.<\/p>\n<p>&nbsp;<\/p>\n","protected":false},"excerpt":{"rendered":"<p>COOKIES Pour am\u00e9liorer votre exp\u00e9rience et analyser la quantit\u00e9 des visites sur notre site web, Groupe Voyages Qu\u00e9bec utilise des cookies. Ces petits fichiers qui sont conserv\u00e9s sur votre ordinateur suite \u00e0 une visite sur notre site web, enregistrent des informations vous concernant comme la langue d\u2019affichage ou certaines habitudes de navigation. Ces donn\u00e9es sont [&hellip;]<\/p>\n","protected":false},"author":1,"featured_media":0,"parent":0,"menu_order":0,"comment_status":"closed","ping_status":"open","template":"","meta":{"_et_pb_use_builder":"","_et_pb_old_content":"","_et_gb_content_width":"","inline_featured_image":false,"footnotes":""},"class_list":["post-7415","page","type-page","status-publish","hentry"],"acf":[],"_wp_attached_file":null,"_wp_attachment_metadata":null,"_et_gb_content_width":null,"_links":{"self":[{"href":"https:\/\/cop15.gvq.ca\/fr\/wp-json\/wp\/v2\/pages\/7415","targetHints":{"allow":["GET"]}}],"collection":[{"href":"https:\/\/cop15.gvq.ca\/fr\/wp-json\/wp\/v2\/pages"}],"about":[{"href":"https:\/\/cop15.gvq.ca\/fr\/wp-json\/wp\/v2\/types\/page"}],"author":[{"embeddable":true,"href":"https:\/\/cop15.gvq.ca\/fr\/wp-json\/wp\/v2\/users\/1"}],"replies":[{"embeddable":true,"href":"https:\/\/cop15.gvq.ca\/fr\/wp-json\/wp\/v2\/comments?post=7415"}],"version-history":[{"count":6,"href":"https:\/\/cop15.gvq.ca\/fr\/wp-json\/wp\/v2\/pages\/7415\/revisions"}],"predecessor-version":[{"id":7528,"href":"https:\/\/cop15.gvq.ca\/fr\/wp-json\/wp\/v2\/pages\/7415\/revisions\/7528"}],"wp:attachment":[{"href":"https:\/\/cop15.gvq.ca\/fr\/wp-json\/wp\/v2\/media?parent=7415"}],"curies":[{"name":"wp","href":"https:\/\/api.w.org\/{rel}","templated":true}]}}